{"id":119,"date":"2022-04-21T21:43:20","date_gmt":"2022-04-21T19:43:20","guid":{"rendered":"https:\/\/studio-zlatniky.cz\/?page_id=119"},"modified":"2025-06-02T14:11:45","modified_gmt":"2025-06-02T12:11:45","slug":"kontakt","status":"publish","type":"page","link":"https:\/\/studio-zlatniky.cz\/index.php\/kontakt\/","title":{"rendered":"Kontakt"},"content":{"rendered":"<div class=\"wp-block-image\">\n<figure class=\"alignright size-full is-resized\"><img decoding=\"async\" loading=\"lazy\" src=\"https:\/\/studio-zlatniky.cz\/wp-content\/uploads\/2022\/04\/kde_jsme.png\" alt=\"\" class=\"wp-image-314\" width=\"428\" height=\"365\" srcset=\"https:\/\/studio-zlatniky.cz\/wp-content\/uploads\/2022\/04\/kde_jsme.png 628w, https:\/\/studio-zlatniky.cz\/wp-content\/uploads\/2022\/04\/kde_jsme-300x256.png 300w\" sizes=\"(max-width: 428px) 100vw, 428px\" \/><\/figure><\/div>\n\n\n<p><strong>Kde n\u00e1s najdete?<br><\/strong><a href=\"https:\/\/goo.gl\/maps\/iS2Df3vfFtwyg1vD8\" target=\"_blank\" rel=\"noreferrer noopener\">Studio Zlatn\u00edk<\/a><a href=\"https:\/\/goo.gl\/maps\/iS2Df3vfFtwyg1vD8\">y<\/a> se nach\u00e1z\u00ed ve dvo\u0159e, vedle restaurace, p\u0159\u00edmo naproti kostelu.<br><\/p>\n\n\n\n<p><strong>Studio Zlatn\u00edky<\/strong><\/p>\n\n\n\n<p>N\u00e1ves sv. Petra a Pavla \u010d. 326<br>252 41 Zlatn\u00edky-Hodkovice<\/p>\n\n\n\n<p><\/p>\n\n\n\n<p><strong>Helena Balounov\u00e1<\/strong> (I\u010c 878 26 941) <br>manik\u00fara a nehtov\u00e1 model\u00e1\u017e<br>tel. 724\u00a0548 156<\/p>\n\n\n\n<p><\/p>\n\n\n\n<p><strong>Karin<\/strong> <strong>Hauptov\u00e1<\/strong> (I\u010c 710 69 518)  <br>pedik\u00fara <br>tel. 602\u00a0508\u00a0243<br><br><\/p>\n\n\n\n<p><strong>Jana Bou\u010dkov\u00e1<\/strong> (I\u010c 871 45 316)  <br>kade\u0159nictv\u00ed, Vacustep\u00ae, Solarium Ergoline\u00ae<br>tel. 723 859 076<br><br><\/p>\n","protected":false},"excerpt":{"rendered":"<p>Kde n\u00e1s najdete?Studio Zlatn\u00edky se nach\u00e1z\u00ed ve dvo\u0159e, vedle restaurace, p\u0159\u00edmo naproti kostelu. Studio Zlatn\u00edky N\u00e1ves sv. Petra a [&hellip;]<\/p>\n","protected":false},"author":2,"featured_media":0,"parent":0,"menu_order":0,"comment_status":"closed","ping_status":"closed","template":"","meta":{"_mi_skip_tracking":false},"_links":{"self":[{"href":"https:\/\/studio-zlatniky.cz\/index.php\/wp-json\/wp\/v2\/pages\/119"}],"collection":[{"href":"https:\/\/studio-zlatniky.cz\/index.php\/wp-json\/wp\/v2\/pages"}],"about":[{"href":"https:\/\/studio-zlatniky.cz\/index.php\/wp-json\/wp\/v2\/types\/page"}],"author":[{"embeddable":true,"href":"https:\/\/studio-zlatniky.cz\/index.php\/wp-json\/wp\/v2\/users\/2"}],"replies":[{"embeddable":true,"href":"https:\/\/studio-zlatniky.cz\/index.php\/wp-json\/wp\/v2\/comments?post=119"}],"version-history":[{"count":10,"href":"https:\/\/studio-zlatniky.cz\/index.php\/wp-json\/wp\/v2\/pages\/119\/revisions"}],"predecessor-version":[{"id":443,"href":"https:\/\/studio-zlatniky.cz\/index.php\/wp-json\/wp\/v2\/pages\/119\/revisions\/443"}],"wp:attachment":[{"href":"https:\/\/studio-zlatniky.cz\/index.php\/wp-json\/wp\/v2\/media?parent=119"}],"curies":[{"name":"wp","href":"https:\/\/api.w.org\/{rel}","templated":true}]}}