{"id":130,"date":"2022-04-21T22:01:35","date_gmt":"2022-04-21T20:01:35","guid":{"rendered":"https:\/\/studio-zlatniky.cz\/?page_id=130"},"modified":"2022-05-07T01:18:12","modified_gmt":"2022-05-06T23:18:12","slug":"solarium-ergoline","status":"publish","type":"page","link":"https:\/\/studio-zlatniky.cz\/index.php\/solarium-ergoline\/","title":{"rendered":"Solarium Ergoline\u00ae"},"content":{"rendered":"\n<div class=\"wp-block-media-text alignwide is-stacked-on-mobile is-vertically-aligned-bottom\" style=\"grid-template-columns:39% auto\"><figure class=\"wp-block-media-text__media\"><img decoding=\"async\" loading=\"lazy\" width=\"226\" height=\"300\" src=\"https:\/\/studio-zlatniky.cz\/wp-content\/uploads\/2022\/04\/Solarium-226x300.jpg\" alt=\"Solarium Ergoline\" class=\"wp-image-16 size-medium\" srcset=\"https:\/\/studio-zlatniky.cz\/wp-content\/uploads\/2022\/04\/Solarium-226x300.jpg 226w, https:\/\/studio-zlatniky.cz\/wp-content\/uploads\/2022\/04\/Solarium-773x1024.jpg 773w, https:\/\/studio-zlatniky.cz\/wp-content\/uploads\/2022\/04\/Solarium-768x1018.jpg 768w, https:\/\/studio-zlatniky.cz\/wp-content\/uploads\/2022\/04\/Solarium.jpg 969w\" sizes=\"(max-width: 226px) 100vw, 226px\" \/><\/figure><div class=\"wp-block-media-text__content\">\n<p class=\"has-large-font-size\"><\/p>\n<\/div><\/div>\n\n\n\n<div class=\"wp-block-columns is-layout-flex wp-container-2\">\n<div class=\"wp-block-column is-layout-flow\" style=\"flex-basis:100%\">\n<p><\/p>\n<\/div>\n<\/div>\n\n\n\n<p><strong>Objedn\u00e1vky na 723\u00a0859\u00a0076<\/strong> <br>Provozn\u00ed doba po-\u010dt (dle dohody)<\/p>\n\n\n\n<h2 class=\"wp-block-heading\">POKUD SE NEM\u016e\u017dETE DOVOLAT, PI\u0160TE PROS\u00cdM SMS<\/h2>\n\n\n\n<p>Kv\u016fli pracovn\u00edmu vyt\u00ed\u017een\u00ed nest\u00edh\u00e1me vy\u0159izovat v\u0161echny telefonn\u00ed hovory. Pokud se n\u00e1m nem\u016f\u017eete dovolat, po\u0161lete n\u00e1m pros\u00edm SMS a my se V\u00e1m ozveme.<\/p>\n\n\n\n<p>D\u011bkujeme za pochopen\u00ed<\/p>\n\n\n\n<p><\/p>\n\n\n\n<p>Ergoline 500 turbo (horizont\u00e1ln\u00ed&nbsp;\u2013 le\u017e\u00edc\u00ed)&nbsp;&nbsp;&nbsp;&nbsp;16,- K\u010d \/ 1 min.<br><\/p>\n\n\n\n<p><strong>Permanentka Solarium<\/strong> <strong>Ergoline\u00ae<\/strong>&nbsp;&nbsp;&nbsp;&nbsp;&nbsp;&nbsp; &nbsp;&nbsp;&nbsp;<\/p>\n\n\n\n<p>  <strong>50 min.    &nbsp;&nbsp;&nbsp;&nbsp;&nbsp;&nbsp;&nbsp;&nbsp;&nbsp;     <strong>  <\/strong>  700,- K\u010d<\/strong>&nbsp;&nbsp;&nbsp;&nbsp;&nbsp;&nbsp;&nbsp;&nbsp;&nbsp;&nbsp;       14,- K\u010d \/ 1 min.<br><strong>100 min. <\/strong>    &nbsp;&nbsp;&nbsp;&nbsp;&nbsp;&nbsp;&nbsp;    <strong>1200,- K\u010d&nbsp;&nbsp;&nbsp;&nbsp;&nbsp;&nbsp;&nbsp;<\/strong>&nbsp;         12,- K\u010d \/ 1 min.<\/p>\n\n\n\n<p class=\"has-small-font-size\"><strong>Nelze platit platebn\u00ed kartou<\/strong>, d\u011bkujeme za pochopen\u00ed.<\/p>\n\n\n\n<p class=\"has-small-font-size\"><em>Upozorn\u011bn\u00ed: Rezervaci je nutn\u00e9 stornovat minim\u00e1ln\u011b 24 hodin p\u0159edem. V p\u0159\u00edpad\u011b, \u017ee se nestihnete z term\u00ednu omluvit a nedoraz\u00edte, budeme V\u00e1m \u00fa\u010dtovat poplatek ve v\u00fd\u0161i 50&nbsp;% z&nbsp;celkov\u00e9 ceny.<\/em><\/p>\n\n\n\n<p><a href=\"https:\/\/studio-zlatniky.cz\/wp-content\/uploads\/2022\/04\/Solarium_pokyny_pro_spravne_opalovani-3.pdf\" target=\"_blank\" rel=\"noreferrer noopener\" title=\"Pokyny pro spr\u00e1vn\u00e9 opalov\u00e1n\u00ed\">Pokyny pro spr\u00e1vn\u00e9 opalov\u00e1n\u00ed<\/a><\/p>\n\n\n\n<div class=\"wp-block-group is-layout-flow\"><div class=\"wp-block-group__inner-container\">\n<p><a href=\"https:\/\/studio-zlatniky.cz\/wp-content\/uploads\/2022\/04\/Upozorneni_pro_uzivatele_solarii-1.pdf\" target=\"_blank\" rel=\"noreferrer noopener\">Upozorn\u011bn\u00ed pro u\u017eivatele sol\u00e1<\/a><a href=\"https:\/\/studio-zlatniky.cz\/wp-content\/uploads\/2022\/04\/Upozorneni_pro_uzivatele_solarii-1.pdf\">ri\u00ed<\/a><\/p>\n<\/div><\/div>\n","protected":false},"excerpt":{"rendered":"<p>Objedn\u00e1vky na 723\u00a0859\u00a0076 Provozn\u00ed doba po-\u010dt (dle dohody) POKUD SE NEM\u016e\u017dETE DOVOLAT, PI\u0160TE PROS\u00cdM SMS Kv\u016fli pracovn\u00edmu vyt\u00ed\u017een\u00ed nest\u00edh\u00e1me [&hellip;]<\/p>\n","protected":false},"author":2,"featured_media":368,"parent":0,"menu_order":0,"comment_status":"closed","ping_status":"closed","template":"","meta":{"_mi_skip_tracking":false},"_links":{"self":[{"href":"https:\/\/studio-zlatniky.cz\/index.php\/wp-json\/wp\/v2\/pages\/130"}],"collection":[{"href":"https:\/\/studio-zlatniky.cz\/index.php\/wp-json\/wp\/v2\/pages"}],"about":[{"href":"https:\/\/studio-zlatniky.cz\/index.php\/wp-json\/wp\/v2\/types\/page"}],"author":[{"embeddable":true,"href":"https:\/\/studio-zlatniky.cz\/index.php\/wp-json\/wp\/v2\/users\/2"}],"replies":[{"embeddable":true,"href":"https:\/\/studio-zlatniky.cz\/index.php\/wp-json\/wp\/v2\/comments?post=130"}],"version-history":[{"count":32,"href":"https:\/\/studio-zlatniky.cz\/index.php\/wp-json\/wp\/v2\/pages\/130\/revisions"}],"predecessor-version":[{"id":416,"href":"https:\/\/studio-zlatniky.cz\/index.php\/wp-json\/wp\/v2\/pages\/130\/revisions\/416"}],"wp:featuredmedia":[{"embeddable":true,"href":"https:\/\/studio-zlatniky.cz\/index.php\/wp-json\/wp\/v2\/media\/368"}],"wp:attachment":[{"href":"https:\/\/studio-zlatniky.cz\/index.php\/wp-json\/wp\/v2\/media?parent=130"}],"curies":[{"name":"wp","href":"https:\/\/api.w.org\/{rel}","templated":true}]}}