{"id":133,"date":"2022-04-21T22:05:41","date_gmt":"2022-04-21T20:05:41","guid":{"rendered":"https:\/\/studio-zlatniky.cz\/?page_id=133"},"modified":"2025-12-14T13:38:44","modified_gmt":"2025-12-14T12:38:44","slug":"vacustep-2","status":"publish","type":"page","link":"https:\/\/studio-zlatniky.cz\/index.php\/vacustep-2\/","title":{"rendered":"VacuStep\u00ae\u00a0"},"content":{"rendered":"<div class=\"wp-block-image\">\n<figure class=\"alignright size-large is-resized\"><img decoding=\"async\" loading=\"lazy\" src=\"https:\/\/studio-zlatniky.cz\/wp-content\/uploads\/2022\/04\/Vacustep-765x1024.jpg\" alt=\"\" class=\"wp-image-19\" width=\"231\" height=\"309\" srcset=\"https:\/\/studio-zlatniky.cz\/wp-content\/uploads\/2022\/04\/Vacustep-765x1024.jpg 765w, https:\/\/studio-zlatniky.cz\/wp-content\/uploads\/2022\/04\/Vacustep-224x300.jpg 224w, https:\/\/studio-zlatniky.cz\/wp-content\/uploads\/2022\/04\/Vacustep-768x1027.jpg 768w, https:\/\/studio-zlatniky.cz\/wp-content\/uploads\/2022\/04\/Vacustep-1148x1536.jpg 1148w, https:\/\/studio-zlatniky.cz\/wp-content\/uploads\/2022\/04\/Vacustep.jpg 1196w\" sizes=\"(max-width: 231px) 100vw, 231px\" \/><\/figure><\/div>\n\n\n<p><strong>Objedn\u00e1vky na 723\u00a0859\u00a0076<\/strong><br>Provozn\u00ed doba po-st (po dohod\u011b)<\/p>\n\n\n\n<h2 class=\"wp-block-heading\">POKUD SE NEM\u016e\u017dETE DOVOLAT, <br>PI\u0160TE PROS\u00cdM SMS<\/h2>\n\n\n\n<p>Kv\u016fli pracovn\u00edmu vyt\u00ed\u017een\u00ed nest\u00edh\u00e1me vy\u0159izovat v\u0161echny telefonn\u00ed hovory. Pokud se n\u00e1m nem\u016f\u017eete dovolat, po\u0161lete n\u00e1m pros\u00edm SMS a my se V\u00e1m ozveme.<\/p>\n\n\n\n<p>D\u011bkujeme za pochopen\u00ed<\/p>\n\n\n\n<p><strong>VacuStep\u00ae<\/strong>&nbsp; je na&nbsp;rozd\u00edl od&nbsp;obl\u00edben\u00e9ho VacuShape\u00ae&nbsp; vybaven stepperem, kter\u00fd dok\u00e1\u017ee zapojit probl\u00e9mov\u00e9 partie do&nbsp;aktivity je\u0161t\u011b \u00fa\u010dinn\u011bji ne\u017e p\u00e1s. Tento tr\u00e9ninkov\u00fd program byl speci\u00e1ln\u011b vyvinut tak, abyste dos\u00e1hli maxim\u00e1ln\u00ed redukce v&nbsp;obvodu a&nbsp;zlep\u0161en\u00ed struktury pleti. K&nbsp;dispozici je tak\u00e9 n\u00e1vlek pro&nbsp;\u017eeny, kter\u00e9 cht\u011bj\u00ed bojovat sp\u00ed\u0161e s&nbsp;celulitidou.<strong>Viditeln\u00e9 v\u00fdsledky<\/strong>&nbsp;se&nbsp;dostavuj\u00ed ji\u017e po&nbsp;\u010dty\u0159ech t\u00fddnech cvi\u010den\u00ed p\u0159i&nbsp;ide\u00e1ln\u00ed frekvenci<br> 1\u20132 n\u00e1v\u0161t\u011bvy t\u00fddn\u011b.<\/p>\n\n\n\n<p>Jednotliv\u00e9 cvi\u010den\u00ed <strong>VacuStep\u00ae<\/strong>&nbsp;&nbsp;&nbsp;&nbsp; &nbsp;&nbsp;&nbsp;&nbsp;&nbsp;&nbsp;&nbsp;&nbsp;&nbsp; <strong>160 K\u010d <\/strong>(celkem 30 minut cvi\u010den\u00ed)<br>Permanentka<strong> VacuStep\u00ae<\/strong>&nbsp; &nbsp;5 vstup\u016f &nbsp;&nbsp;&nbsp; <strong>700 K\u010d <\/strong>(celkem 2,5 hodin cvi\u010den\u00ed)&nbsp;<br>Permanentka<strong> VacuStep\u00ae<\/strong>&nbsp; 10 vstup\u016f &nbsp;&nbsp;<strong>1200 K\u010d&nbsp;<\/strong>(celkem 5 hodin cvi\u010den\u00ed)&nbsp;<\/p>\n\n\n<div class=\"wp-block-image\">\n<figure class=\"alignright size-full\"><img decoding=\"async\" loading=\"lazy\" width=\"511\" height=\"648\" src=\"https:\/\/studio-zlatniky.cz\/wp-content\/uploads\/2022\/04\/vysledek_vakustep.png\" alt=\"\" class=\"wp-image-135\" srcset=\"https:\/\/studio-zlatniky.cz\/wp-content\/uploads\/2022\/04\/vysledek_vakustep.png 511w, https:\/\/studio-zlatniky.cz\/wp-content\/uploads\/2022\/04\/vysledek_vakustep-237x300.png 237w\" sizes=\"(max-width: 511px) 100vw, 511px\" \/><\/figure><\/div>\n\n\n<p><strong>P\u0159\u00ednosy tr\u00e9ninku na VacuStep\u00ae<\/strong>&nbsp;<\/p>\n\n\n\n<ul>\n<li>\u00fabytek obvodu v&nbsp;oblasti b\u0159icha, h\u00fd\u017ed\u00ed, bok\u016f a&nbsp;stehen<\/li>\n\n\n\n<li>redukce celulitidy<\/li>\n\n\n\n<li>zpevn\u011bn\u00ed a&nbsp;zformov\u00e1n\u00ed postavy<\/li>\n\n\n\n<li>zv\u00fd\u0161en\u00ed cirkulace krve<\/li>\n\n\n\n<li>zrychlen\u00ed metabolismu<\/li>\n\n\n\n<li>optim\u00e1ln\u00ed spalov\u00e1n\u00ed&nbsp;tuk\u016f<\/li>\n\n\n\n<li>zaji\u0161\u0165uje a podporuje hubnut\u00ed<\/li>\n\n\n\n<li>p\u0159\u00edzniv\u011b p\u016fsob\u00ed p\u0159i liped\u00e9mu, fibromyalgii, neklidn\u00fdch noh\u00e1ch, bolestech kloub\u016f a sval\u016f<\/li>\n<\/ul>\n\n\n\n<p><strong>Kontraindikace VacuStep\u00ae&nbsp;:<\/strong><\/p>\n\n\n\n<ul>\n<li>Srde\u010dn\u00ed nedostate\u010dnost<\/li>\n\n\n\n<li>Kardiostimul\u00e1tor<\/li>\n\n\n\n<li>Tromb\u00f3za infekce \u017eil<\/li>\n\n\n\n<li>Extr\u00e9mn\u011b n\u00edzk\u00fd nebo vysok\u00fd krevn\u00ed tlak<\/li>\n\n\n\n<li>T\u011b\u017ek\u00e9 astma<\/li>\n\n\n\n<li>Epilepsie<\/li>\n\n\n\n<li>T\u011bhotenstv\u00ed<\/li>\n<\/ul>\n\n\n\n<p class=\"has-small-font-size\"><br><em>Upozorn\u011bn\u00ed: Ka\u017ed\u00fd z\u00e1kazn\u00edk by se m\u011bl p\u0159i nejistot\u011b, zda je tr\u00e9nink VacuStep<strong>\u00ae<\/strong>&nbsp;vhodn\u00fd, poradit s l\u00e9ka\u0159em.&nbsp;<\/em><\/p>\n\n\n\n<p><strong>Nelze platit platebn\u00ed kartou<\/strong>, <br>d\u011bkujeme za pochopen\u00ed.<\/p>\n\n\n\n<p class=\"has-small-font-size\"><em>Upozorn\u011bn\u00ed: Rezervaci je nutn\u00e9 stornovat minim\u00e1ln\u011b 24 hodin p\u0159edem. V p\u0159\u00edpad\u011b, \u017ee se nestihnete z term\u00ednu omluvit a nedoraz\u00edte, budeme V\u00e1m \u00fa\u010dtovat poplatek ve v\u00fd\u0161i 50&nbsp;% z&nbsp;celkov\u00e9 ceny.<\/em><\/p>\n","protected":false},"excerpt":{"rendered":"<p>Objedn\u00e1vky na 723\u00a0859\u00a0076Provozn\u00ed doba po-st (po dohod\u011b) POKUD SE NEM\u016e\u017dETE DOVOLAT, PI\u0160TE PROS\u00cdM SMS Kv\u016fli pracovn\u00edmu vyt\u00ed\u017een\u00ed nest\u00edh\u00e1me vy\u0159izovat [&hellip;]<\/p>\n","protected":false},"author":2,"featured_media":0,"parent":0,"menu_order":0,"comment_status":"closed","ping_status":"closed","template":"","meta":{"_mi_skip_tracking":false},"_links":{"self":[{"href":"https:\/\/studio-zlatniky.cz\/index.php\/wp-json\/wp\/v2\/pages\/133"}],"collection":[{"href":"https:\/\/studio-zlatniky.cz\/index.php\/wp-json\/wp\/v2\/pages"}],"about":[{"href":"https:\/\/studio-zlatniky.cz\/index.php\/wp-json\/wp\/v2\/types\/page"}],"author":[{"embeddable":true,"href":"https:\/\/studio-zlatniky.cz\/index.php\/wp-json\/wp\/v2\/users\/2"}],"replies":[{"embeddable":true,"href":"https:\/\/studio-zlatniky.cz\/index.php\/wp-json\/wp\/v2\/comments?post=133"}],"version-history":[{"count":10,"href":"https:\/\/studio-zlatniky.cz\/index.php\/wp-json\/wp\/v2\/pages\/133\/revisions"}],"predecessor-version":[{"id":446,"href":"https:\/\/studio-zlatniky.cz\/index.php\/wp-json\/wp\/v2\/pages\/133\/revisions\/446"}],"wp:attachment":[{"href":"https:\/\/studio-zlatniky.cz\/index.php\/wp-json\/wp\/v2\/media?parent=133"}],"curies":[{"name":"wp","href":"https:\/\/api.w.org\/{rel}","templated":true}]}}