{"id":38,"date":"2022-04-21T19:16:26","date_gmt":"2022-04-21T17:16:26","guid":{"rendered":"https:\/\/studio-zlatniky.cz\/index.php\/massage-center-2\/"},"modified":"2025-12-14T13:37:33","modified_gmt":"2025-12-14T12:37:33","slug":"massage-center-2","status":"publish","type":"page","link":"https:\/\/studio-zlatniky.cz\/index.php\/massage-center-2\/","title":{"rendered":"Pedik\u00fara"},"content":{"rendered":"<div class=\"wp-block-image\">\n<figure class=\"alignright size-large is-resized\"><img decoding=\"async\" loading=\"lazy\" src=\"https:\/\/studio-zlatniky.cz\/wp-content\/uploads\/2022\/04\/Pedikura-1024x765.jpg\" alt=\"\" class=\"wp-image-14\" width=\"328\" height=\"245\" srcset=\"https:\/\/studio-zlatniky.cz\/wp-content\/uploads\/2022\/04\/Pedikura-1024x765.jpg 1024w, https:\/\/studio-zlatniky.cz\/wp-content\/uploads\/2022\/04\/Pedikura-300x224.jpg 300w, https:\/\/studio-zlatniky.cz\/wp-content\/uploads\/2022\/04\/Pedikura-768x574.jpg 768w, https:\/\/studio-zlatniky.cz\/wp-content\/uploads\/2022\/04\/Pedikura-1536x1148.jpg 1536w, https:\/\/studio-zlatniky.cz\/wp-content\/uploads\/2022\/04\/Pedikura.jpg 1600w\" sizes=\"(max-width: 328px) 100vw, 328px\" \/><\/figure><\/div>\n\n\n<p><\/p>\n\n\n\n<p><strong>Objedn\u00e1vky na 602&nbsp;508&nbsp;243<\/strong><\/p>\n\n\n\n<p><\/p>\n\n\n\n<p>Provozn\u00ed doba po-p\u00e1 <br>(dle dohody)<\/p>\n\n\n\n<p><\/p>\n\n\n\n<p><\/p>\n\n\n\n<h3 class=\"wp-block-heading\"><strong>SUCH\u00c1 P\u0158\u00cdSTROJOV\u00c1 PEDIK\u00daRA<\/strong> \u00a0\u00a0\u00a0380,- K\u010d<\/h3>\n\n\n\n<p>Tento zp\u016fsob pedik\u00fary je vhodn\u00fd pro skupiny populace, kter\u00fdm nebyla doporu\u010dena klasick\u00e1 manik\u00fara, zejm\u00e9na pro diabetiky. L\u00e1zn\u011b nohou se p\u0159i t\u00e9to slu\u017eb\u011b nedo\u010dk\u00e1te. Pou\u017e\u00edv\u00e1me speci\u00e1ln\u00ed vysokoobr\u00e1tkov\u00e9 p\u0159\u00edstroje s&nbsp;fr\u00e9zami, kter\u00e9 jsou \u0161etrn\u011bj\u0161\u00ed p\u0159i \u0159e\u0161en\u00ed zar\u016fstaj\u00edc\u00edch neht\u016f.<\/p>\n\n\n\n<p><\/p>\n\n\n\n<p class=\"has-text-color has-medium-font-size\" style=\"color:#3604e1\">!!! <strong>NOVINKA !!! <\/strong> <strong> <\/strong> <strong>PEDIK\u00daRA DO DOMU <\/strong>   <strong>500,- K\u010d<\/strong><\/p>\n\n\n\n<p class=\"has-text-color\" style=\"color:#3604e1\"><strong>M\u00e1te-li probl\u00e9my s ch\u016fz\u00ed, vyu\u017eijte slu\u017ebu &#8222;Pedik\u00fara do domu&#8220;. <br>Rozsah slu\u017eby shodn\u00fd s popisem v\u00fd\u0161e.<\/strong><br><em>Upozorn\u011bn\u00ed: slu\u017eba je ur\u010dena p\u0159edev\u0161\u00edm pro seniory se sn\u00ed\u017eenou pohyblivost\u00ed<strong>.<\/strong><\/em><\/p>\n\n\n\n<p><strong>Nelze platit platebn\u00ed kartou<\/strong>, d\u011bkujeme za pochopen\u00ed.<\/p>\n","protected":false},"excerpt":{"rendered":"<p>Objedn\u00e1vky na 602&nbsp;508&nbsp;243 Provozn\u00ed doba po-p\u00e1 (dle dohody) SUCH\u00c1 P\u0158\u00cdSTROJOV\u00c1 PEDIK\u00daRA \u00a0\u00a0\u00a0380,- K\u010d Tento zp\u016fsob pedik\u00fary je vhodn\u00fd pro [&hellip;]<\/p>\n","protected":false},"author":2,"featured_media":0,"parent":0,"menu_order":0,"comment_status":"closed","ping_status":"closed","template":"","meta":{"_mi_skip_tracking":false},"_links":{"self":[{"href":"https:\/\/studio-zlatniky.cz\/index.php\/wp-json\/wp\/v2\/pages\/38"}],"collection":[{"href":"https:\/\/studio-zlatniky.cz\/index.php\/wp-json\/wp\/v2\/pages"}],"about":[{"href":"https:\/\/studio-zlatniky.cz\/index.php\/wp-json\/wp\/v2\/types\/page"}],"author":[{"embeddable":true,"href":"https:\/\/studio-zlatniky.cz\/index.php\/wp-json\/wp\/v2\/users\/2"}],"replies":[{"embeddable":true,"href":"https:\/\/studio-zlatniky.cz\/index.php\/wp-json\/wp\/v2\/comments?post=38"}],"version-history":[{"count":20,"href":"https:\/\/studio-zlatniky.cz\/index.php\/wp-json\/wp\/v2\/pages\/38\/revisions"}],"predecessor-version":[{"id":445,"href":"https:\/\/studio-zlatniky.cz\/index.php\/wp-json\/wp\/v2\/pages\/38\/revisions\/445"}],"wp:attachment":[{"href":"https:\/\/studio-zlatniky.cz\/index.php\/wp-json\/wp\/v2\/media?parent=38"}],"curies":[{"name":"wp","href":"https:\/\/api.w.org\/{rel}","templated":true}]}}