{"id":58,"date":"2022-04-21T19:49:15","date_gmt":"2022-04-21T17:49:15","guid":{"rendered":"https:\/\/studio-zlatniky.cz\/index.php\/massage-center-3\/"},"modified":"2025-12-14T13:46:14","modified_gmt":"2025-12-14T12:46:14","slug":"massage-center-3","status":"publish","type":"page","link":"https:\/\/studio-zlatniky.cz\/index.php\/massage-center-3\/","title":{"rendered":"Manik\u00fara a nehtov\u00e1 model\u00e1\u017e"},"content":{"rendered":"<p>\u00a0<\/p>\n<p><img decoding=\"async\" loading=\"lazy\" class=\"alignright\" src=\"https:\/\/studio-zlatniky.cz\/wp-content\/uploads\/2022\/04\/modelaz_nehtu_det.jpg\" sizes=\"(max-width: 946px) 100vw, 946px\" srcset=\"https:\/\/studio-zlatniky.cz\/wp-content\/uploads\/2022\/04\/modelaz_nehtu_det.jpg 946w, https:\/\/studio-zlatniky.cz\/wp-content\/uploads\/2022\/04\/modelaz_nehtu_det-238x300.jpg 238w, https:\/\/studio-zlatniky.cz\/wp-content\/uploads\/2022\/04\/modelaz_nehtu_det-814x1024.jpg 814w, https:\/\/studio-zlatniky.cz\/wp-content\/uploads\/2022\/04\/modelaz_nehtu_det-768x966.jpg 768w\" alt=\"\" width=\"397\" height=\"500\" \/><\/p>\n<p>V sou\u010dasn\u00e9 dob\u011b nep\u0159ij\u00edm\u00e1me nov\u00e9 klientky.<\/p>\n<p>\u00a0<\/p>\n<p><b>Provozn\u00ed doba dle dohody<br \/><\/b><\/p>\n\n\n<div class=\"wp-block-group is-layout-flow\"><div class=\"wp-block-group__inner-container\">\n<p><a href=\"https:\/\/studio-zlatniky.cz\/index.php\/fotogalerie-nehtova-modelaz\/\" target=\"_blank\" rel=\"noreferrer noopener\"><strong>Uk\u00e1zky m\u00e9 pr\u00e1ce<\/strong><\/a><\/p>\n\n\n\n<p><\/p>\n<\/div><\/div>\n\n\n\n<div class=\"wp-block-group is-layout-flow\"><div class=\"wp-block-group__inner-container\">\n<p><\/p>\n<\/div><\/div>\n\n\n\n<div class=\"wp-block-group is-layout-flow\"><div class=\"wp-block-group__inner-container\">\n<p><\/p>\n<\/div><\/div>\n\n\n\n<p><\/p>\n\n\n\n<div class=\"wp-block-group is-layout-flow\"><div class=\"wp-block-group__inner-container\">\n<p class=\"has-small-font-size\"><em>Upozorn\u011bn\u00ed: Rezervaci je nutn\u00e9 stornovat minim\u00e1ln\u011b 24 hodin p\u0159edem. V p\u0159\u00edpad\u011b, \u017ee se nestihnete z term\u00ednu omluvit a nedoraz\u00edte, budeme V\u00e1m \u00fa\u010dtovat poplatek ve v\u00fd\u0161i 50&nbsp;% z&nbsp;celkov\u00e9 ceny.<\/em><\/p>\n<\/div><\/div>\n\n\n<div class=\"wp-block-image is-style-default\">\n<figure class=\"alignleft size-full is-resized\"><a href=\"https:\/\/studio-zlatniky.cz\/index.php\/fotogalerie-nehtova-modelaz\/\" target=\"_blank\" rel=\"noopener\"><img decoding=\"async\" loading=\"lazy\" src=\"https:\/\/studio-zlatniky.cz\/wp-content\/uploads\/2022\/04\/fcb.png\" alt=\"\" class=\"wp-image-394\" width=\"42\" height=\"42\"\/><\/a><\/figure><\/div>","protected":false},"excerpt":{"rendered":"<p>\u00a0 V sou\u010dasn\u00e9 dob\u011b nep\u0159ij\u00edm\u00e1me nov\u00e9 klientky. \u00a0 Provozn\u00ed doba dle dohody Uk\u00e1zky m\u00e9 pr\u00e1ce Upozorn\u011bn\u00ed: Rezervaci je nutn\u00e9 [&hellip;]<\/p>\n","protected":false},"author":2,"featured_media":0,"parent":0,"menu_order":0,"comment_status":"closed","ping_status":"closed","template":"","meta":{"_mi_skip_tracking":false},"_links":{"self":[{"href":"https:\/\/studio-zlatniky.cz\/index.php\/wp-json\/wp\/v2\/pages\/58"}],"collection":[{"href":"https:\/\/studio-zlatniky.cz\/index.php\/wp-json\/wp\/v2\/pages"}],"about":[{"href":"https:\/\/studio-zlatniky.cz\/index.php\/wp-json\/wp\/v2\/types\/page"}],"author":[{"embeddable":true,"href":"https:\/\/studio-zlatniky.cz\/index.php\/wp-json\/wp\/v2\/users\/2"}],"replies":[{"embeddable":true,"href":"https:\/\/studio-zlatniky.cz\/index.php\/wp-json\/wp\/v2\/comments?post=58"}],"version-history":[{"count":33,"href":"https:\/\/studio-zlatniky.cz\/index.php\/wp-json\/wp\/v2\/pages\/58\/revisions"}],"predecessor-version":[{"id":449,"href":"https:\/\/studio-zlatniky.cz\/index.php\/wp-json\/wp\/v2\/pages\/58\/revisions\/449"}],"wp:attachment":[{"href":"https:\/\/studio-zlatniky.cz\/index.php\/wp-json\/wp\/v2\/media?parent=58"}],"curies":[{"name":"wp","href":"https:\/\/api.w.org\/{rel}","templated":true}]}}